{"id":119,"date":"2013-11-15T03:37:31","date_gmt":"2013-11-15T03:37:31","guid":{"rendered":"https:\/\/www.capelleassociates.com\/?page_id=113"},"modified":"2016-06-13T11:35:26","modified_gmt":"2016-06-13T15:35:26","slug":"vos-avantages","status":"publish","type":"page","link":"https:\/\/www.capelleassociates.com\/fr\/vos-avantages\/","title":{"rendered":"Vos avantages"},"content":{"rendered":"<h1>Adopter l&#8217;am\u00e9nagement organisationnel optimis\u00e9<sup>MD<\/sup><\/h1>\n<h2>Quels seront les avantages pour votre organisation?<\/h2>\n<p><strong>L&#8217;am\u00e9nagement organisationnel optimis\u00e9<sup>MD<\/sup><\/strong> est une approche fond\u00e9e sur la recherche exclusive \u00e0 Capelle Associ\u00e9s dont l&#8217;efficacit\u00e9 \u00e0 produire un grand nombre de gains de rendement est prouv\u00e9e aupr\u00e8s de nos clients. <\/p>\n<p><strong>Parmi les principales am\u00e9liorations qui d\u00e9coulent de cette approche, on note un meilleur alignement des \u00e9l\u00e9ments suivants :<\/strong><\/p>\n<ul id=\"check-bull\" class=\"check-bull\">\n<li>Postes (alignement vertical et fonctionnel)<\/li>\n<li>Responsabilit\u00e9s et pouvoirs (employ\u00e9, superviseur, sup\u00e9rieur, sup\u00e9rieur de deuxi\u00e8me niveau et relations interfonctionnelles)<\/li>\n<li>Personnes<\/li>\n<li>Livrables<\/li>\n<li>T\u00e2ches<\/li>\n<\/ul>\n<p>Cette approche peut aussi servir \u00e0 am\u00e9liorer le fonctionnement du conseil d&#8217;administration, la gestion des processus, la gestion de projets et la r\u00e9mun\u00e9ration.<\/p>\n<p><strong>Apprenez-en davantage sur les diff\u00e9rents gains de rendement que votre organisation peut r\u00e9aliser en travaillant avec notre \u00e9quipe.<\/strong><\/p>\n<p><img loading=\"lazy\" decoding=\"async\" src=\"https:\/\/www.capelleassociates.com\/wp-content\/uploads\/2013\/11\/your-benefits-2.png\" alt=\"Benefits Of Organization Design\" width=\"590\" height=\"143\" class=\"aligncenter size-full wp-image-642\" \/><\/p>\n<p>Outre ces gains de rendement, les organisations qui ont recours \u00e0 nos services profitent de nombreux autres avantages. Les recherches et l&#8217;exp\u00e9rience de nos clients montrent que cette approche am\u00e9liore les r\u00e9sultats financiers ainsi que la satisfaction de la client\u00e8le et des employ\u00e9s. Elle peut procurer des avantages concurrentiels durables ainsi qu&#8217;un rendement sur le capital investi significatif. Bon nombre de nos clients se sont servi de cette approche pour en faire le fondement de leur strat\u00e9gie de mise en \u0153uvre et de gestion des ressources humaines. <\/p>\n<p><strong>Apprenez-en davantage sur les autres avantages dont votre organisation profitera en adoptant l&#8217;am\u00e9nagement organisationnel optimis\u00e9<sup>MD<\/sup>.<\/strong><\/p>\n<h2>Des avantages \u00e0 chaque \u00e9tape<\/h2>\n<p>Les deux principales \u00e9tapes de cette approche sont <strong>i) l&#8217;\u00e9valuation<\/strong> et <strong>ii) la mise en \u0153uvre des recommandations accept\u00e9es<\/strong>. <\/p>\n<p>\u00c0 l&#8217;\u00e9tape de l&#8217;\u00e9valuation, l&#8217;information est recueillie et analys\u00e9e afin nous que nous puissions formuler des recommandations, pr\u00e9parer un rapport et soutenir la direction dans sa prise de d\u00e9cision. <\/p>\n<div class=\"bullbox\">\n<p><strong>Principaux avantages dont les organisations clientes profitent \u00e0 l&#8217;\u00e9tape de l&#8217;\u00c9VALUATION :<\/strong><\/p>\n<ul id=\"check-bull\" style=\"margin-top: 15px; margin-bottom: 0px; margin-left: 15px;\">\n<li>L&#8217;approche est exhaustive et efficace. De plus, sa mise en \u0153uvre exigera peu de temps de la part de votre effectif.<\/li>\n<li>L&#8217;information que nous recueillons aupr\u00e8s des employ\u00e9s, des gestionnaires et d&#8217;autres personnes est analys\u00e9e et compar\u00e9e avec nos bases de donn\u00e9es de r\u00e9f\u00e9rence pour d\u00e9terminer les probl\u00e8mes et identifier les occasions d&#8217;am\u00e9lioration.<\/li>\n<li>Nous formulons ensuite des recommandations pr\u00e9cises et ax\u00e9es sur l&#8217;action, accompagn\u00e9es d&#8217;\u00e9conomies sugg\u00e9r\u00e9es, et les int\u00e9grons \u00e0 notre rapport.<\/li>\n<li>\u00c0 l&#8217;occasion des rencontres de suivi, nous constatons que 80 \u00e0 90 % de nos recommandations sont accept\u00e9es en raison de la solidit\u00e9 de notre m\u00e9thode d&#8217;\u00e9valuation fond\u00e9e sur la recherche. Cela a pour effet de r\u00e9duire au minimum les tensions et la r\u00e9sistance au changement, cr\u00e9ant ainsi une assise solide pour une mise en \u0153uvre r\u00e9ussie.<\/li>\n<\/ul>\n<\/div>\n<div class=\"bullbox\"><strong>Principaux avantages dont les organisations clientes profitent \u00e0 l&#8217;\u00e9tape de la MISE EN \u0152UVRE :<\/strong><\/p>\n<ul id=\"check-bull\" style=\"margin-top: 15px; margin-bottom: 0px; margin-left: 15px;\">\n<li>Les organisations peuvent aller de l&#8217;avant rapidement puisque l&#8217;am\u00e9nagement organisationnel optimis\u00e9 n&#8217;exige pas que l&#8217;on \u00ab r\u00e9invente la roue \u00bb. L&#8217;\u00e9quipe Capelle Associ\u00e9s poss\u00e8de l&#8217;exp\u00e9rience approfondie et diversifi\u00e9e qu&#8217;il faut pour vous soutenir.<\/li>\n<li>Votre organisation profitera d&#8217;une mise en \u0153uvre de qualit\u00e9 sup\u00e9rieure parce que nous mettons \u00e0 l&#8217;\u00e9preuve avec succ\u00e8s nos m\u00e9thodes, notre documentation et nos comp\u00e9tences depuis d\u00e9j\u00e0 de nombreuses ann\u00e9es dans diff\u00e9rents types de secteurs d&#8217;activit\u00e9 et d&#8217;organisations.<\/li>\n<li>Vous b\u00e9n\u00e9ficierez d&#8217;une m\u00e9thode efficace et \u00e9conomique : 80 \u00e0 90 % de la mise en \u0153uvre pourra \u00eatre effectu\u00e9e par votre \u00e9quipe interne.<\/li>\n<li>Il s&#8217;agit d&#8217;un processus de transformation \u00e9volutif plut\u00f4t que d&#8217;un projet. Les r\u00e9sultats sont durables, puisque les gestionnaires font activement l&#8217;apprentissage des comp\u00e9tences requises, que des syst\u00e8mes sous-jacents sont d\u00e9velopp\u00e9s et qu&#8217;une \u00e9quipe interne qualifi\u00e9e est form\u00e9e pour poursuivre l&#8217;am\u00e9lioration des syst\u00e8mes et des m\u00e9thodes internes.<\/li>\n<\/ul>\n<\/div>\n<p><strong>Pour demander un entretien avec Capelle Associ\u00e9s, veuillez remplir notre formulaire en ligne.<\/strong> Nous nous ferons un plaisir de vous expliquer en quoi consiste l&#8217;am\u00e9nagement organisationnel optimis\u00e9<sup>MD<\/sup> et comment cette approche peut se r\u00e9v\u00e9ler b\u00e9n\u00e9fique pour votre organisation.<\/p>\n","protected":false},"excerpt":{"rendered":"<p>Adopter l&#8217;am\u00e9nagement organisationnel optimis\u00e9MD Quels seront les avantages pour votre organisation? L&#8217;am\u00e9nagement organisationnel optimis\u00e9MD est une approche fond\u00e9e sur la recherche exclusive \u00e0 Capelle Associ\u00e9s dont l&#8217;efficacit\u00e9 \u00e0 produire un grand nombre de gains de rendement est prouv\u00e9e aupr\u00e8s de nos clients. Parmi les principales am\u00e9liorations qui d\u00e9coulent de cette approche, on note un meilleur &#8230; <a class=\"more-link\" href=\"https:\/\/www.capelleassociates.com\/fr\/vos-avantages\/\">[Read more&#8230;]<\/a><\/p>\n","protected":false},"author":1,"featured_media":0,"parent":0,"menu_order":4,"comment_status":"open","ping_status":"closed","template":"","meta":{"_monsterinsights_skip_tracking":false,"_monsterinsights_sitenote_active":false,"_monsterinsights_sitenote_note":"","_monsterinsights_sitenote_category":0,"footnotes":""},"class_list":["post-119","page","type-page","status-publish","hentry"],"yoast_head":"<!-- This site is optimized with the Yoast SEO plugin v23.1 - https:\/\/yoast.com\/wordpress\/plugins\/seo\/ -->\n<title>Vos avantages - Capelle Associ\u00e9s inc<\/title>\n<meta name=\"robots\" content=\"index, follow, max-snippet:-1, max-image-preview:large, max-video-preview:-1\" \/>\n<link rel=\"canonical\" href=\"https:\/\/www.capelleassociates.com\/fr\/vos-avantages\/\" \/>\n<meta name=\"twitter:label1\" content=\"Est. reading time\" \/>\n\t<meta name=\"twitter:data1\" content=\"3 minutes\" \/>\n<script type=\"application\/ld+json\" class=\"yoast-schema-graph\">{\"@context\":\"https:\/\/schema.org\",\"@graph\":[{\"@type\":\"WebPage\",\"@id\":\"https:\/\/www.capelleassociates.com\/fr\/vos-avantages\/\",\"url\":\"https:\/\/www.capelleassociates.com\/fr\/vos-avantages\/\",\"name\":\"Vos avantages - Capelle Associ\u00e9s inc\",\"isPartOf\":{\"@id\":\"https:\/\/www.capelleassociates.com\/fr\/#website\"},\"primaryImageOfPage\":{\"@id\":\"https:\/\/www.capelleassociates.com\/fr\/vos-avantages\/#primaryimage\"},\"image\":{\"@id\":\"https:\/\/www.capelleassociates.com\/fr\/vos-avantages\/#primaryimage\"},\"thumbnailUrl\":\"https:\/\/www.capelleassociates.com\/wp-content\/uploads\/2013\/11\/your-benefits-2.png\",\"datePublished\":\"2013-11-15T03:37:31+00:00\",\"dateModified\":\"2016-06-13T15:35:26+00:00\",\"breadcrumb\":{\"@id\":\"https:\/\/www.capelleassociates.com\/fr\/vos-avantages\/#breadcrumb\"},\"inLanguage\":\"en-US\",\"potentialAction\":[{\"@type\":\"ReadAction\",\"target\":[\"https:\/\/www.capelleassociates.com\/fr\/vos-avantages\/\"]}]},{\"@type\":\"ImageObject\",\"inLanguage\":\"en-US\",\"@id\":\"https:\/\/www.capelleassociates.com\/fr\/vos-avantages\/#primaryimage\",\"url\":\"https:\/\/www.capelleassociates.com\/wp-content\/uploads\/2013\/11\/your-benefits-2.png\",\"contentUrl\":\"https:\/\/www.capelleassociates.com\/wp-content\/uploads\/2013\/11\/your-benefits-2.png\"},{\"@type\":\"BreadcrumbList\",\"@id\":\"https:\/\/www.capelleassociates.com\/fr\/vos-avantages\/#breadcrumb\",\"itemListElement\":[{\"@type\":\"ListItem\",\"position\":1,\"name\":\"Accueil\",\"item\":\"https:\/\/www.capelleassociates.com\/fr\/\"},{\"@type\":\"ListItem\",\"position\":2,\"name\":\"Vos avantages\"}]},{\"@type\":\"WebSite\",\"@id\":\"https:\/\/www.capelleassociates.com\/fr\/#website\",\"url\":\"https:\/\/www.capelleassociates.com\/fr\/\",\"name\":\"Capelle Associ\u00e9s inc\",\"description\":\"\",\"potentialAction\":[{\"@type\":\"SearchAction\",\"target\":{\"@type\":\"EntryPoint\",\"urlTemplate\":\"https:\/\/www.capelleassociates.com\/fr\/?s={search_term_string}\"},\"query-input\":\"required name=search_term_string\"}],\"inLanguage\":\"en-US\"}]}<\/script>\n<!-- \/ Yoast SEO plugin. -->","yoast_head_json":{"title":"Vos avantages - Capelle Associ\u00e9s inc","robots":{"index":"index","follow":"follow","max-snippet":"max-snippet:-1","max-image-preview":"max-image-preview:large","max-video-preview":"max-video-preview:-1"},"canonical":"https:\/\/www.capelleassociates.com\/fr\/vos-avantages\/","twitter_misc":{"Est. reading time":"3 minutes"},"schema":{"@context":"https:\/\/schema.org","@graph":[{"@type":"WebPage","@id":"https:\/\/www.capelleassociates.com\/fr\/vos-avantages\/","url":"https:\/\/www.capelleassociates.com\/fr\/vos-avantages\/","name":"Vos avantages - Capelle Associ\u00e9s inc","isPartOf":{"@id":"https:\/\/www.capelleassociates.com\/fr\/#website"},"primaryImageOfPage":{"@id":"https:\/\/www.capelleassociates.com\/fr\/vos-avantages\/#primaryimage"},"image":{"@id":"https:\/\/www.capelleassociates.com\/fr\/vos-avantages\/#primaryimage"},"thumbnailUrl":"https:\/\/www.capelleassociates.com\/wp-content\/uploads\/2013\/11\/your-benefits-2.png","datePublished":"2013-11-15T03:37:31+00:00","dateModified":"2016-06-13T15:35:26+00:00","breadcrumb":{"@id":"https:\/\/www.capelleassociates.com\/fr\/vos-avantages\/#breadcrumb"},"inLanguage":"en-US","potentialAction":[{"@type":"ReadAction","target":["https:\/\/www.capelleassociates.com\/fr\/vos-avantages\/"]}]},{"@type":"ImageObject","inLanguage":"en-US","@id":"https:\/\/www.capelleassociates.com\/fr\/vos-avantages\/#primaryimage","url":"https:\/\/www.capelleassociates.com\/wp-content\/uploads\/2013\/11\/your-benefits-2.png","contentUrl":"https:\/\/www.capelleassociates.com\/wp-content\/uploads\/2013\/11\/your-benefits-2.png"},{"@type":"BreadcrumbList","@id":"https:\/\/www.capelleassociates.com\/fr\/vos-avantages\/#breadcrumb","itemListElement":[{"@type":"ListItem","position":1,"name":"Accueil","item":"https:\/\/www.capelleassociates.com\/fr\/"},{"@type":"ListItem","position":2,"name":"Vos avantages"}]},{"@type":"WebSite","@id":"https:\/\/www.capelleassociates.com\/fr\/#website","url":"https:\/\/www.capelleassociates.com\/fr\/","name":"Capelle Associ\u00e9s inc","description":"","potentialAction":[{"@type":"SearchAction","target":{"@type":"EntryPoint","urlTemplate":"https:\/\/www.capelleassociates.com\/fr\/?s={search_term_string}"},"query-input":"required name=search_term_string"}],"inLanguage":"en-US"}]}},"_links":{"self":[{"href":"https:\/\/www.capelleassociates.com\/fr\/wp-json\/wp\/v2\/pages\/119"}],"collection":[{"href":"https:\/\/www.capelleassociates.com\/fr\/wp-json\/wp\/v2\/pages"}],"about":[{"href":"https:\/\/www.capelleassociates.com\/fr\/wp-json\/wp\/v2\/types\/page"}],"author":[{"embeddable":true,"href":"https:\/\/www.capelleassociates.com\/fr\/wp-json\/wp\/v2\/users\/1"}],"replies":[{"embeddable":true,"href":"https:\/\/www.capelleassociates.com\/fr\/wp-json\/wp\/v2\/comments?post=119"}],"version-history":[{"count":5,"href":"https:\/\/www.capelleassociates.com\/fr\/wp-json\/wp\/v2\/pages\/119\/revisions"}],"predecessor-version":[{"id":289,"href":"https:\/\/www.capelleassociates.com\/fr\/wp-json\/wp\/v2\/pages\/119\/revisions\/289"}],"wp:attachment":[{"href":"https:\/\/www.capelleassociates.com\/fr\/wp-json\/wp\/v2\/media?parent=119"}],"curies":[{"name":"wp","href":"https:\/\/api.w.org\/{rel}","templated":true}]}}