{"id":118,"date":"2013-11-15T03:37:03","date_gmt":"2013-11-15T03:37:03","guid":{"rendered":"https:\/\/www.capelleassociates.com\/?page_id=112"},"modified":"2016-06-13T11:17:52","modified_gmt":"2016-06-13T15:17:52","slug":"a-propos-de-capelle-associes","status":"publish","type":"page","link":"https:\/\/www.capelleassociates.com\/fr\/a-propos-de-capelle-associes\/","title":{"rendered":"\u00c0 propos de Capelle Associ\u00e9s"},"content":{"rendered":"<h1>L&#8217;Avantage Capelle Associ\u00e9s<\/h1>\n<p><strong>Capelle Associ\u00e9s<\/strong> aide les dirigeants \u00e0 am\u00e9liorer le rendement de leur organisation par l&#8217;optimisation de leur am\u00e9nagement organisationnel.<br \/>\n<iframe loading=\"lazy\" style=\"margin-top: 15px;\" src=\"\/\/www.youtube.com\/embed\/VCPHRNHWCKY?showinfo=0&amp;rel=0\" width=\"590\" height=\"332\" frameborder=\"0\" allowfullscreen=\"allowfullscreen\"><\/iframe><\/p>\n<h2>Sp\u00e9cialistes de l&#8217;am\u00e9nagement organisationnel<\/h2>\n<p>Nous comptons au del\u00e0 de 25 ann\u00e9es d&#8217;exp\u00e9rience dans ce domaine. Vous b\u00e9n\u00e9ficiez ainsi d&#8217;une exp\u00e9rience aussi vaste qu&#8217;approfondie pour vous soutenir dans une d\u00e9marche d&#8217;am\u00e9lioration fructueuse de votre rendement organisationnel.<\/p>\n<h2>L&#8217;Am\u00e9nagement organisationnel optimis\u00e9<sup>MD<\/sup><\/h2>\n<p>L&#8217;Am\u00e9nagement organisationnel optimis\u00e9<sup>MD<\/sup> est l&#8217;approche que nous avons d\u00e9velopp\u00e9e en nous appuyant sur plus d&#8217;une centaine de projets de grande envergure que nous avons r\u00e9alis\u00e9s au cours des 25 derni\u00e8res ann\u00e9es. Nous avons \u00e9labor\u00e9 des m\u00e9thodes, des techniques et des outils d&#8217;\u00e9valuation et de mise en \u0153uvre qui sont \u00e0 la fois exhaustifs, rentables et efficaces. Vous profitez donc d&#8217;une approche fond\u00e9e sur la recherche et \u00e9prouv\u00e9e aupr\u00e8s de notre client\u00e8le pour optimiser votre am\u00e9nagement organisationnel et en r\u00e9colter tous les avantages.<\/p>\n<p><strong>Nos recherches et les r\u00e9sultats obtenus par nos clients montrent que cette approche m\u00e8ne aux r\u00e9sultats suivants:<\/strong><\/p>\n<ul id=\"check-bull\">\n<li>Am\u00e9lioration de la satisfaction de la client\u00e8le<\/li>\n<li>Am\u00e9lioration de l&#8217;engagement des employ\u00e9s<\/li>\n<li>Am\u00e9lioration du rendement financier<\/li>\n<\/ul>\n<h2>Un vaste \u00e9ventail d&#8217;exp\u00e9riences r\u00e9ussies<\/h2>\n<div class=\"bullbox\">\n<div class=\"wca-1\"><img loading=\"lazy\" decoding=\"async\" class=\"alignnone size-full wp-image-254\" src=\"https:\/\/www.capelleassociates.com\/wp-content\/uploads\/2013\/11\/wca-1.png\" alt=\"\" width=\"59\" height=\"59\" \/><\/div>\n<p>Nous collaborons avec tous les types d&#8217;entreprises, priv\u00e9es, publiques ou sans but lucratif.<\/p>\n<\/div>\n<div class=\"bullbox\">\n<div class=\"wca-1\"><img loading=\"lazy\" decoding=\"async\" class=\"alignnone size-full wp-image-254\" src=\"https:\/\/www.capelleassociates.com\/wp-content\/uploads\/2013\/11\/wca-1.png\" alt=\"\" width=\"59\" height=\"59\" \/><\/div>\n<p>Nous ma\u00eetrisons l\u2019ensemble des fonctions organisationnelles \u2013 marketing, ventes, op\u00e9rations, gestion de la cha\u00eene d\u2019approvisionnement, finances, technologie de l\u2019information et ressources humaines.<\/p>\n<\/div>\n<div class=\"bullbox\">\n<div class=\"wca-1\"><img loading=\"lazy\" decoding=\"async\" class=\"alignnone size-full wp-image-254\" src=\"https:\/\/www.capelleassociates.com\/wp-content\/uploads\/2013\/11\/wca-1.png\" alt=\"\" width=\"59\" height=\"59\" \/><\/div>\n<p>Nous avons une exp\u00e9rience diversifi\u00e9e sur plan g\u00e9ographique; nous accompagnons des entreprises en Am\u00e9rique du Nord, en Am\u00e9rique du Sud, en Asie et en Afrique.<\/p>\n<\/div>\n<div class=\"bullbox\">\n<div class=\"wca-1\"><img loading=\"lazy\" decoding=\"async\" class=\"alignnone size-full wp-image-254\" src=\"https:\/\/www.capelleassociates.com\/wp-content\/uploads\/2013\/11\/wca-1.png\" alt=\"\" width=\"59\" height=\"59\" \/><\/div>\n<p>Nous collaborons avec des organisations de toutes tailles, grandes ou petites. Nous pouvons \u00e9valuer des \u00e9quipes de moins de 100 \u00e0 plus de 16&nbsp;000&nbsp;employ\u00e9s.<\/p>\n<\/div>\n<p>Si vous cherchez \u00e0 rendre votre organisation plus performante, nous pouvons vous apporter une valeur ajout\u00e9e consid\u00e9rable. Nous offrons un soutien de qualit\u00e9 doubl\u00e9 de l&#8217;exp\u00e9rience n\u00e9cessaire pour comprendre les d\u00e9fis et les occasions uniques de votre organisation.<\/p>\n<p><strong>Pour demander un entretien sur l&#8217;optimisation de votre am\u00e9nagement organisationnel, veuillez remplir notre formulaire en ligne.<\/strong><\/p>\n","protected":false},"excerpt":{"rendered":"<p>L&#8217;Avantage Capelle Associ\u00e9s Capelle Associ\u00e9s aide les dirigeants \u00e0 am\u00e9liorer le rendement de leur organisation par l&#8217;optimisation de leur am\u00e9nagement organisationnel. Sp\u00e9cialistes de l&#8217;am\u00e9nagement organisationnel Nous comptons au del\u00e0 de 25 ann\u00e9es d&#8217;exp\u00e9rience dans ce domaine. Vous b\u00e9n\u00e9ficiez ainsi d&#8217;une exp\u00e9rience aussi vaste qu&#8217;approfondie pour vous soutenir dans une d\u00e9marche d&#8217;am\u00e9lioration fructueuse de votre rendement &#8230; <a class=\"more-link\" href=\"https:\/\/www.capelleassociates.com\/fr\/a-propos-de-capelle-associes\/\">[Read more&#8230;]<\/a><\/p>\n","protected":false},"author":1,"featured_media":0,"parent":0,"menu_order":2,"comment_status":"open","ping_status":"closed","template":"","meta":{"_monsterinsights_skip_tracking":false,"_monsterinsights_sitenote_active":false,"_monsterinsights_sitenote_note":"","_monsterinsights_sitenote_category":0,"footnotes":""},"class_list":["post-118","page","type-page","status-publish","hentry"],"yoast_head":"<!-- This site is optimized with the Yoast SEO plugin v23.1 - https:\/\/yoast.com\/wordpress\/plugins\/seo\/ -->\n<title>\u00c0 propos de Capelle Associ\u00e9s - Capelle Associ\u00e9s inc<\/title>\n<meta name=\"robots\" content=\"index, follow, max-snippet:-1, max-image-preview:large, max-video-preview:-1\" \/>\n<link rel=\"canonical\" href=\"https:\/\/www.capelleassociates.com\/fr\/a-propos-de-capelle-associes\/\" \/>\n<meta name=\"twitter:label1\" content=\"Est. reading time\" \/>\n\t<meta name=\"twitter:data1\" content=\"2 minutes\" \/>\n<script type=\"application\/ld+json\" class=\"yoast-schema-graph\">{\"@context\":\"https:\/\/schema.org\",\"@graph\":[{\"@type\":\"WebPage\",\"@id\":\"https:\/\/www.capelleassociates.com\/fr\/a-propos-de-capelle-associes\/\",\"url\":\"https:\/\/www.capelleassociates.com\/fr\/a-propos-de-capelle-associes\/\",\"name\":\"\u00c0 propos de Capelle Associ\u00e9s - Capelle Associ\u00e9s inc\",\"isPartOf\":{\"@id\":\"https:\/\/www.capelleassociates.com\/fr\/#website\"},\"primaryImageOfPage\":{\"@id\":\"https:\/\/www.capelleassociates.com\/fr\/a-propos-de-capelle-associes\/#primaryimage\"},\"image\":{\"@id\":\"https:\/\/www.capelleassociates.com\/fr\/a-propos-de-capelle-associes\/#primaryimage\"},\"thumbnailUrl\":\"https:\/\/www.capelleassociates.com\/wp-content\/uploads\/2013\/11\/wca-1.png\",\"datePublished\":\"2013-11-15T03:37:03+00:00\",\"dateModified\":\"2016-06-13T15:17:52+00:00\",\"breadcrumb\":{\"@id\":\"https:\/\/www.capelleassociates.com\/fr\/a-propos-de-capelle-associes\/#breadcrumb\"},\"inLanguage\":\"en-US\",\"potentialAction\":[{\"@type\":\"ReadAction\",\"target\":[\"https:\/\/www.capelleassociates.com\/fr\/a-propos-de-capelle-associes\/\"]}]},{\"@type\":\"ImageObject\",\"inLanguage\":\"en-US\",\"@id\":\"https:\/\/www.capelleassociates.com\/fr\/a-propos-de-capelle-associes\/#primaryimage\",\"url\":\"https:\/\/www.capelleassociates.com\/wp-content\/uploads\/2013\/11\/wca-1.png\",\"contentUrl\":\"https:\/\/www.capelleassociates.com\/wp-content\/uploads\/2013\/11\/wca-1.png\"},{\"@type\":\"BreadcrumbList\",\"@id\":\"https:\/\/www.capelleassociates.com\/fr\/a-propos-de-capelle-associes\/#breadcrumb\",\"itemListElement\":[{\"@type\":\"ListItem\",\"position\":1,\"name\":\"Accueil\",\"item\":\"https:\/\/www.capelleassociates.com\/fr\/\"},{\"@type\":\"ListItem\",\"position\":2,\"name\":\"\u00c0 propos de Capelle Associ\u00e9s\"}]},{\"@type\":\"WebSite\",\"@id\":\"https:\/\/www.capelleassociates.com\/fr\/#website\",\"url\":\"https:\/\/www.capelleassociates.com\/fr\/\",\"name\":\"Capelle Associ\u00e9s inc\",\"description\":\"\",\"potentialAction\":[{\"@type\":\"SearchAction\",\"target\":{\"@type\":\"EntryPoint\",\"urlTemplate\":\"https:\/\/www.capelleassociates.com\/fr\/?s={search_term_string}\"},\"query-input\":\"required name=search_term_string\"}],\"inLanguage\":\"en-US\"}]}<\/script>\n<!-- \/ Yoast SEO plugin. -->","yoast_head_json":{"title":"\u00c0 propos de Capelle Associ\u00e9s - Capelle Associ\u00e9s inc","robots":{"index":"index","follow":"follow","max-snippet":"max-snippet:-1","max-image-preview":"max-image-preview:large","max-video-preview":"max-video-preview:-1"},"canonical":"https:\/\/www.capelleassociates.com\/fr\/a-propos-de-capelle-associes\/","twitter_misc":{"Est. reading time":"2 minutes"},"schema":{"@context":"https:\/\/schema.org","@graph":[{"@type":"WebPage","@id":"https:\/\/www.capelleassociates.com\/fr\/a-propos-de-capelle-associes\/","url":"https:\/\/www.capelleassociates.com\/fr\/a-propos-de-capelle-associes\/","name":"\u00c0 propos de Capelle Associ\u00e9s - Capelle Associ\u00e9s inc","isPartOf":{"@id":"https:\/\/www.capelleassociates.com\/fr\/#website"},"primaryImageOfPage":{"@id":"https:\/\/www.capelleassociates.com\/fr\/a-propos-de-capelle-associes\/#primaryimage"},"image":{"@id":"https:\/\/www.capelleassociates.com\/fr\/a-propos-de-capelle-associes\/#primaryimage"},"thumbnailUrl":"https:\/\/www.capelleassociates.com\/wp-content\/uploads\/2013\/11\/wca-1.png","datePublished":"2013-11-15T03:37:03+00:00","dateModified":"2016-06-13T15:17:52+00:00","breadcrumb":{"@id":"https:\/\/www.capelleassociates.com\/fr\/a-propos-de-capelle-associes\/#breadcrumb"},"inLanguage":"en-US","potentialAction":[{"@type":"ReadAction","target":["https:\/\/www.capelleassociates.com\/fr\/a-propos-de-capelle-associes\/"]}]},{"@type":"ImageObject","inLanguage":"en-US","@id":"https:\/\/www.capelleassociates.com\/fr\/a-propos-de-capelle-associes\/#primaryimage","url":"https:\/\/www.capelleassociates.com\/wp-content\/uploads\/2013\/11\/wca-1.png","contentUrl":"https:\/\/www.capelleassociates.com\/wp-content\/uploads\/2013\/11\/wca-1.png"},{"@type":"BreadcrumbList","@id":"https:\/\/www.capelleassociates.com\/fr\/a-propos-de-capelle-associes\/#breadcrumb","itemListElement":[{"@type":"ListItem","position":1,"name":"Accueil","item":"https:\/\/www.capelleassociates.com\/fr\/"},{"@type":"ListItem","position":2,"name":"\u00c0 propos de Capelle Associ\u00e9s"}]},{"@type":"WebSite","@id":"https:\/\/www.capelleassociates.com\/fr\/#website","url":"https:\/\/www.capelleassociates.com\/fr\/","name":"Capelle Associ\u00e9s inc","description":"","potentialAction":[{"@type":"SearchAction","target":{"@type":"EntryPoint","urlTemplate":"https:\/\/www.capelleassociates.com\/fr\/?s={search_term_string}"},"query-input":"required name=search_term_string"}],"inLanguage":"en-US"}]}},"_links":{"self":[{"href":"https:\/\/www.capelleassociates.com\/fr\/wp-json\/wp\/v2\/pages\/118"}],"collection":[{"href":"https:\/\/www.capelleassociates.com\/fr\/wp-json\/wp\/v2\/pages"}],"about":[{"href":"https:\/\/www.capelleassociates.com\/fr\/wp-json\/wp\/v2\/types\/page"}],"author":[{"embeddable":true,"href":"https:\/\/www.capelleassociates.com\/fr\/wp-json\/wp\/v2\/users\/1"}],"replies":[{"embeddable":true,"href":"https:\/\/www.capelleassociates.com\/fr\/wp-json\/wp\/v2\/comments?post=118"}],"version-history":[{"count":9,"href":"https:\/\/www.capelleassociates.com\/fr\/wp-json\/wp\/v2\/pages\/118\/revisions"}],"predecessor-version":[{"id":282,"href":"https:\/\/www.capelleassociates.com\/fr\/wp-json\/wp\/v2\/pages\/118\/revisions\/282"}],"wp:attachment":[{"href":"https:\/\/www.capelleassociates.com\/fr\/wp-json\/wp\/v2\/media?parent=118"}],"curies":[{"name":"wp","href":"https:\/\/api.w.org\/{rel}","templated":true}]}}