{"id":116,"date":"2013-11-15T03:38:29","date_gmt":"2013-11-15T03:38:29","guid":{"rendered":"https:\/\/www.capelleassociates.com\/?page_id=110"},"modified":"2016-06-13T13:27:44","modified_gmt":"2016-06-13T17:27:44","slug":"les-preuves","status":"publish","type":"page","link":"https:\/\/www.capelleassociates.com\/fr\/les-preuves\/","title":{"rendered":"Les preuves"},"content":{"rendered":"<h1>La recherche \u2014 La preuve que l&#8217;optimisation de l&#8217;am\u00e9nagement organisationnel am\u00e9liore le rendement<\/h1>\n<p><img loading=\"lazy\" decoding=\"async\" class=\"alignright size-full wp-image-648\" src=\"https:\/\/www.capelleassociates.com\/wp-content\/uploads\/2013\/11\/research.jpg\" alt=\"Optimizing Organization Design Improves Performance\" width=\"261\" height=\"165\" \/><strong>L&#8217;Am\u00e9nagement organisationnel optimis\u00e9<sup>MD<\/sup><\/strong> est l&#8217;approche qu&#8217;utilise Capelle Associ\u00e9s pour am\u00e9liorer le rendement des organisations. La preuve que notre approche est efficace se trouve dans les 24 \u00e9tudes que nous avons r\u00e9alis\u00e9es au cours des 25 derni\u00e8res ann\u00e9es et l&#8217;exp\u00e9rience de nos clients dans le cadre de plus d&#8217;une centaine de projets de grande envergure.<\/p>\n<p><strong>Capelle Associ\u00e9s<\/strong> a d\u00e9velopp\u00e9 une base de donn\u00e9es de r\u00e9f\u00e9rence exhaustive qui r\u00e9pertorie plus de 59 000 relations gestionnaire-subordonn\u00e9 imm\u00e9diat dans 76 organisations. Cette base de donn\u00e9es contient aussi les r\u00e9sultats de sondages sur la satisfaction de plus de 13 000 employ\u00e9s dans 38 organisations.<\/p>\n<p>Bien que men\u00e9es de mani\u00e8re ind\u00e9pendante, nos \u00e9tudes s&#8217;appuient sur plus de 50 ans de recherche. Nous profitons de l&#8217;occasion pour mentionner quelques-uns des leaders d&#8217;opinion dont le travail a inspir\u00e9 notre recherche :<\/p>\n<ul>\n<li><strong>Elliott Jaques et ses collaborateurs \u2014 Reconnus pour leurs recherches sur la mesure de la complexit\u00e9 du travail (p\u00e9riode d&#8217;autonomie); la mesure de la capacit\u00e9 individuelle (capacit\u00e9 de traitement de l&#8217;information); et l&#8217;alignement d\u00e9riv\u00e9 de la relation gestionnaire-subordonn\u00e9 imm\u00e9diat.<\/strong><\/li>\n<li><strong>Marcus Buckingham et Curt Coffman \u2014 Reconnus pour avoir d\u00e9montr\u00e9 que la relation gestionnaire-subordonn\u00e9 imm\u00e9diat est li\u00e9e \u00e0 la productivit\u00e9, la rentabilit\u00e9, la r\u00e9tention et la satisfaction de la client\u00e8le. <\/strong><\/li>\n<li><strong>James Heskett et ses collaborateurs \u2014 Reconnus pour leurs travaux sur la rentabilit\u00e9 de la cha\u00eene de service qui d\u00e9montrent qu&#8217;il existe une relation entre l&#8217;employ\u00e9 (satisfaction et loyaut\u00e9), le client (\u00e9quation de valeur, satisfaction et loyaut\u00e9) et le rendement financier (croissance des revenus et rentabilit\u00e9).<\/strong><\/li>\n<\/ul>\n<h2>La relation gestionnaire-subordonn\u00e9 imm\u00e9diat : le facteur le plus important de l&#8217;am\u00e9nagement organisationnel<\/h2>\n<p>Le concept de l&#8217;alignement de la relation gestionnaire-subordonn\u00e9 imm\u00e9diat s&#8217;appuie sur les travaux de Jaques et de ses coll\u00e8gues. Ils ont d\u00e9velopp\u00e9 une mesure de la complexit\u00e9 du travail appel\u00e9e la p\u00e9riode d&#8217;autonomie. Avec cette mesure, il est possible de d\u00e9terminer combien d&#8217;\u00e9chelons ou de strates une organisation devrait compter, et de classer chaque poste au bon \u00e9chelon. Plus pr\u00e9cis\u00e9ment, on peut ainsi r\u00e9aliser l&#8217;alignement gestionnaire-subordonn\u00e9 imm\u00e9diat optimal, c&#8217;est-\u00e0-dire une relation o\u00f9 le gestionnaire occupe la strate directement au-dessus de celle de son subordonn\u00e9 imm\u00e9diat.<\/p>\n<p>\u00c0 cette situation optimale s&#8217;opposent deux situations sous-optimales :<\/p>\n<div class=\"bullbox\">\n<p><strong>1. Le gestionnaire et le subordonn\u00e9 imm\u00e9diat occupent la m\u00eame strate (situation de chevauchement). Lorsque cette situation se pr\u00e9sente, on peut s&#8217;attendre \u00e0 ce qui suit :<\/strong><\/p>\n<ul>\n<li>Le gestionnaire fait de la microgestion.<\/li>\n<li>Le gestionnaire ajoute une valeur insuffisante.<\/li>\n<li>Le subordonn\u00e9 imm\u00e9diat n&#8217;exploite pas pleinement ses comp\u00e9tences.<\/li>\n<\/ul>\n<\/div>\n<div class=\"bullbox\">\n<p><strong>2. Le gestionnaire est situ\u00e9 \u00e0 plus d&#8217;un \u00e9chelon au-dessus de son subordonn\u00e9 imm\u00e9diat (\u00e9cart). Dans cette situation :<\/strong><\/p>\n<ul>\n<li>Le gestionnaire peut avoir l&#8217;impression d&#8217;\u00eatre m\u00eal\u00e9 malgr\u00e9 lui aux t\u00e2ches basiques de l&#8217;organisation.<\/li>\n<li>Le gestionnaire peut avoir l&#8217;impression que le subordonn\u00e9 imm\u00e9diat manque d&#8217;initiative.<\/li>\n<li>Le subordonn\u00e9 imm\u00e9diat peut avoir l&#8217;impression que le gestionnaire ne l&#8217;oriente pas ad\u00e9quatement.<\/li>\n<\/ul>\n<\/div>\n<p>Notre base de donn\u00e9es de r\u00e9f\u00e9rence, qui r\u00e9pertorie plus de 59 000 relations gestionnaire\u2013subordonn\u00e9 imm\u00e9diat, montre que cette relation est sous-optimale dans tout pr\u00e8s de 50 % des cas. \u00c0 notre avis, il s&#8217;agit l\u00e0 d&#8217;un gaspillage \u00e9norme de ressources humaines. Par contre, il s&#8217;agit aussi d&#8217;une occasion importante d&#8217;am\u00e9liorer le rendement.<\/p>\n<p><img loading=\"lazy\" decoding=\"async\" class=\"aligncenter size-full wp-image-650\" src=\"https:\/\/www.capelleassociates.com\/wp-content\/uploads\/2013\/11\/direct-report-relationship.png\" alt=\"Managing Changes In An Organization\" width=\"590\" height=\"143\" \/><\/p>\n<p>L&#8217;alignement de la relation gestionnaire-subordonn\u00e9 imm\u00e9diat joue un r\u00f4le fondamental dans les rapports entre l&#8217;employ\u00e9 et son sup\u00e9rieur de m\u00eame que dans la satisfaction de l&#8217;employ\u00e9. On peut aussi supposer qu&#8217;elle influe sur la satisfaction des clients et les r\u00e9sultats financiers de l&#8217;organisation, car tous ces facteurs sont intimement li\u00e9s. \u00c0 vrai dire, nous avons \u00e9t\u00e9 surpris que l&#8217;alignement de la relation gestionnaire-subordonn\u00e9 imm\u00e9diat soit aussi robuste. Bien que nous nous doutions que l&#8217;am\u00e9nagement organisationnel influen\u00e7ait ces mesures, nous ne nous attendions pas \u00e0 ce que les sous-facteurs aient eux aussi ce genre d&#8217;impact. L&#8217;alignement de la relation gestionnaire-subordonn\u00e9 imm\u00e9diat nous a d\u00e9tromp\u00e9s.<\/p>\n<h2>Aper\u00e7u des constatations d\u00e9coulant des recherches<\/h2>\n<div class=\"bullbox\">\n<p><strong>Nos recherches montrent qu&#8217;un am\u00e9nagement organisationnel de qualit\u00e9, tel que nous le d\u00e9finissons, apporte les avantages suivants:<\/strong><\/p>\n<ul id=\"check-bull\" class=\"check-bull\">\n<li>Satisfaction accrue des employ\u00e9s<\/li>\n<li>Meilleure relation employ\u00e9-gestionnaire<\/li>\n<li>Satisfaction accrue de la client\u00e8le<\/li>\n<li>Am\u00e9lioration des r\u00e9sultats financiers<\/li>\n<\/ul>\n<\/div>\n<p>Nos recherches indiquent \u00e9galement que l&#8217;alignement de la relation gestionnaire-subordonn\u00e9 imm\u00e9diat est le facteur le plus d\u00e9terminant de l&#8217;am\u00e9nagement organisationnel. Chaque employ\u00e9 devrait relever d&#8217;un gestionnaire du niveau (ou strate, pour employer notre terme technique) sup\u00e9rieur(e) imm\u00e9diat(e).<\/p>\n<div class=\"bullbox\">\n<p><strong>Comme nous l&#8217;avons constat\u00e9 dans le cadre de nos recherches, un meilleur alignement de la relation gestionnaire-subordonn\u00e9 imm\u00e9diat peut, \u00e0 lui seul, amener les am\u00e9liorations suivantes:<\/strong><\/p>\n<ul class=\"check-bull\">\n<ul class=\"check-bull\">\n<li>Satisfaction accrue des employ\u00e9s<\/li>\n<li>Meilleure relation employ\u00e9-gestionnaire<\/li>\n<li>Satisfaction accrue de la client\u00e8le<\/li>\n<li>Am\u00e9lioration des r\u00e9sultats financiers<\/li>\n<\/ul>\n<\/ul>\n<\/div>\n<h2>Autres recherches<\/h2>\n<ul>\n<li>L&#8217;optimisation de l&#8217;am\u00e9nagement : \u00e9conomies annuelles potentielles<\/li>\n<li>L&#8217;alignement de la relation gestionnaire-subordonn\u00e9 : un enjeu majeur<\/li>\n<li>La r\u00e9mun\u00e9ration : elle est bien pratiqu\u00e9e dans seulement 60 % des cas\u2026 Et elle est importante<\/li>\n<li>D\u00e9l\u00e9gation<\/li>\n<li>L&#8217;alignement des t\u00e2ches<\/li>\n<\/ul>\n","protected":false},"excerpt":{"rendered":"<p>La recherche \u2014 La preuve que l&#8217;optimisation de l&#8217;am\u00e9nagement organisationnel am\u00e9liore le rendement L&#8217;Am\u00e9nagement organisationnel optimis\u00e9MD est l&#8217;approche qu&#8217;utilise Capelle Associ\u00e9s pour am\u00e9liorer le rendement des organisations. La preuve que notre approche est efficace se trouve dans les 24 \u00e9tudes que nous avons r\u00e9alis\u00e9es au cours des 25 derni\u00e8res ann\u00e9es et l&#8217;exp\u00e9rience de nos clients &#8230; <a class=\"more-link\" href=\"https:\/\/www.capelleassociates.com\/fr\/les-preuves\/\">[Read more&#8230;]<\/a><\/p>\n","protected":false},"author":1,"featured_media":0,"parent":0,"menu_order":5,"comment_status":"open","ping_status":"closed","template":"","meta":{"_monsterinsights_skip_tracking":false,"_monsterinsights_sitenote_active":false,"_monsterinsights_sitenote_note":"","_monsterinsights_sitenote_category":0,"footnotes":""},"class_list":["post-116","page","type-page","status-publish","hentry"],"yoast_head":"<!-- This site is optimized with the Yoast SEO plugin v23.1 - https:\/\/yoast.com\/wordpress\/plugins\/seo\/ -->\n<title>Les preuves - Capelle Associ\u00e9s inc<\/title>\n<meta name=\"robots\" content=\"index, follow, max-snippet:-1, max-image-preview:large, max-video-preview:-1\" \/>\n<link rel=\"canonical\" href=\"https:\/\/www.capelleassociates.com\/fr\/les-preuves\/\" \/>\n<meta name=\"twitter:label1\" content=\"Est. reading time\" \/>\n\t<meta name=\"twitter:data1\" content=\"4 minutes\" \/>\n<script type=\"application\/ld+json\" class=\"yoast-schema-graph\">{\"@context\":\"https:\/\/schema.org\",\"@graph\":[{\"@type\":\"WebPage\",\"@id\":\"https:\/\/www.capelleassociates.com\/fr\/les-preuves\/\",\"url\":\"https:\/\/www.capelleassociates.com\/fr\/les-preuves\/\",\"name\":\"Les preuves - Capelle Associ\u00e9s inc\",\"isPartOf\":{\"@id\":\"https:\/\/www.capelleassociates.com\/fr\/#website\"},\"primaryImageOfPage\":{\"@id\":\"https:\/\/www.capelleassociates.com\/fr\/les-preuves\/#primaryimage\"},\"image\":{\"@id\":\"https:\/\/www.capelleassociates.com\/fr\/les-preuves\/#primaryimage\"},\"thumbnailUrl\":\"https:\/\/www.capelleassociates.com\/wp-content\/uploads\/2013\/11\/research.jpg\",\"datePublished\":\"2013-11-15T03:38:29+00:00\",\"dateModified\":\"2016-06-13T17:27:44+00:00\",\"breadcrumb\":{\"@id\":\"https:\/\/www.capelleassociates.com\/fr\/les-preuves\/#breadcrumb\"},\"inLanguage\":\"en-US\",\"potentialAction\":[{\"@type\":\"ReadAction\",\"target\":[\"https:\/\/www.capelleassociates.com\/fr\/les-preuves\/\"]}]},{\"@type\":\"ImageObject\",\"inLanguage\":\"en-US\",\"@id\":\"https:\/\/www.capelleassociates.com\/fr\/les-preuves\/#primaryimage\",\"url\":\"https:\/\/www.capelleassociates.com\/wp-content\/uploads\/2013\/11\/research.jpg\",\"contentUrl\":\"https:\/\/www.capelleassociates.com\/wp-content\/uploads\/2013\/11\/research.jpg\"},{\"@type\":\"BreadcrumbList\",\"@id\":\"https:\/\/www.capelleassociates.com\/fr\/les-preuves\/#breadcrumb\",\"itemListElement\":[{\"@type\":\"ListItem\",\"position\":1,\"name\":\"Accueil\",\"item\":\"https:\/\/www.capelleassociates.com\/fr\/\"},{\"@type\":\"ListItem\",\"position\":2,\"name\":\"Les preuves\"}]},{\"@type\":\"WebSite\",\"@id\":\"https:\/\/www.capelleassociates.com\/fr\/#website\",\"url\":\"https:\/\/www.capelleassociates.com\/fr\/\",\"name\":\"Capelle Associ\u00e9s inc\",\"description\":\"\",\"potentialAction\":[{\"@type\":\"SearchAction\",\"target\":{\"@type\":\"EntryPoint\",\"urlTemplate\":\"https:\/\/www.capelleassociates.com\/fr\/?s={search_term_string}\"},\"query-input\":\"required name=search_term_string\"}],\"inLanguage\":\"en-US\"}]}<\/script>\n<!-- \/ Yoast SEO plugin. -->","yoast_head_json":{"title":"Les preuves - Capelle Associ\u00e9s inc","robots":{"index":"index","follow":"follow","max-snippet":"max-snippet:-1","max-image-preview":"max-image-preview:large","max-video-preview":"max-video-preview:-1"},"canonical":"https:\/\/www.capelleassociates.com\/fr\/les-preuves\/","twitter_misc":{"Est. reading time":"4 minutes"},"schema":{"@context":"https:\/\/schema.org","@graph":[{"@type":"WebPage","@id":"https:\/\/www.capelleassociates.com\/fr\/les-preuves\/","url":"https:\/\/www.capelleassociates.com\/fr\/les-preuves\/","name":"Les preuves - Capelle Associ\u00e9s inc","isPartOf":{"@id":"https:\/\/www.capelleassociates.com\/fr\/#website"},"primaryImageOfPage":{"@id":"https:\/\/www.capelleassociates.com\/fr\/les-preuves\/#primaryimage"},"image":{"@id":"https:\/\/www.capelleassociates.com\/fr\/les-preuves\/#primaryimage"},"thumbnailUrl":"https:\/\/www.capelleassociates.com\/wp-content\/uploads\/2013\/11\/research.jpg","datePublished":"2013-11-15T03:38:29+00:00","dateModified":"2016-06-13T17:27:44+00:00","breadcrumb":{"@id":"https:\/\/www.capelleassociates.com\/fr\/les-preuves\/#breadcrumb"},"inLanguage":"en-US","potentialAction":[{"@type":"ReadAction","target":["https:\/\/www.capelleassociates.com\/fr\/les-preuves\/"]}]},{"@type":"ImageObject","inLanguage":"en-US","@id":"https:\/\/www.capelleassociates.com\/fr\/les-preuves\/#primaryimage","url":"https:\/\/www.capelleassociates.com\/wp-content\/uploads\/2013\/11\/research.jpg","contentUrl":"https:\/\/www.capelleassociates.com\/wp-content\/uploads\/2013\/11\/research.jpg"},{"@type":"BreadcrumbList","@id":"https:\/\/www.capelleassociates.com\/fr\/les-preuves\/#breadcrumb","itemListElement":[{"@type":"ListItem","position":1,"name":"Accueil","item":"https:\/\/www.capelleassociates.com\/fr\/"},{"@type":"ListItem","position":2,"name":"Les preuves"}]},{"@type":"WebSite","@id":"https:\/\/www.capelleassociates.com\/fr\/#website","url":"https:\/\/www.capelleassociates.com\/fr\/","name":"Capelle Associ\u00e9s inc","description":"","potentialAction":[{"@type":"SearchAction","target":{"@type":"EntryPoint","urlTemplate":"https:\/\/www.capelleassociates.com\/fr\/?s={search_term_string}"},"query-input":"required name=search_term_string"}],"inLanguage":"en-US"}]}},"_links":{"self":[{"href":"https:\/\/www.capelleassociates.com\/fr\/wp-json\/wp\/v2\/pages\/116"}],"collection":[{"href":"https:\/\/www.capelleassociates.com\/fr\/wp-json\/wp\/v2\/pages"}],"about":[{"href":"https:\/\/www.capelleassociates.com\/fr\/wp-json\/wp\/v2\/types\/page"}],"author":[{"embeddable":true,"href":"https:\/\/www.capelleassociates.com\/fr\/wp-json\/wp\/v2\/users\/1"}],"replies":[{"embeddable":true,"href":"https:\/\/www.capelleassociates.com\/fr\/wp-json\/wp\/v2\/comments?post=116"}],"version-history":[{"count":7,"href":"https:\/\/www.capelleassociates.com\/fr\/wp-json\/wp\/v2\/pages\/116\/revisions"}],"predecessor-version":[{"id":298,"href":"https:\/\/www.capelleassociates.com\/fr\/wp-json\/wp\/v2\/pages\/116\/revisions\/298"}],"wp:attachment":[{"href":"https:\/\/www.capelleassociates.com\/fr\/wp-json\/wp\/v2\/media?parent=116"}],"curies":[{"name":"wp","href":"https:\/\/api.w.org\/{rel}","templated":true}]}}