{"id":110,"date":"2013-11-15T03:31:52","date_gmt":"2013-11-15T03:31:52","guid":{"rendered":"https:\/\/www.capelleassociates.com\/?page_id=96"},"modified":"2016-06-13T10:46:29","modified_gmt":"2016-06-13T14:46:29","slug":"accueil","status":"publish","type":"page","link":"https:\/\/www.capelleassociates.com\/fr\/","title":{"rendered":"Accueil"},"content":{"rendered":"<div>\n<div class=\"tab-me-wrapper\"><ul class=\"tab-me-tabs\"><li class=\"active\"><a href=\"javascript:void(0)\" rel=\"tab1158\"><span>Capelle Associ\u00e9s<\/span><\/a><\/li><li><a href=\"javascript:void(0)\" rel=\"tab1695\"><span>Notre livre<\/span><\/a><\/li><li><a href=\"javascript:void(0)\" rel=\"tab1225\"><span>Notre approche<\/span><\/a><\/li><li><a href=\"javascript:void(0)\" rel=\"tab1274\"><span>Recherche<\/span><\/a><\/li><\/ul><!-- .tab-me-tabs --><div class=\"tab-me-content-wrapper\"><div class=\"tab-me-tab-content\" id=\"tab1158\" ><\/p>\n<h2>L&#8217;Avantage Capelle Associ\u00e9s<\/h2>\n<p>Capelle Associ\u00e9s aide les dirigeants \u00e0 obtenir de meilleurs r\u00e9sultats en optimisant leur structure organisationnelle.<\/p>\n<p>Nous comptons au-del\u00e0 de 25 ann\u00e9es d&#8217;exp\u00e9rience dans ce domaine. Vous b\u00e9n\u00e9ficiez ainsi d&#8217;une exp\u00e9rience aussi vaste qu&#8217;approfondie pour vous soutenir dans une d\u00e9marche d&#8217;am\u00e9lioration fructueuse de votre rendement organisationnel.<\/p>\n<h2>L&#8217;Am\u00e9nagement organisationnel optimis\u00e9<sup>MD<\/sup><\/h2>\n<p>L&#8217;Am\u00e9nagement organisationnel optimis\u00e9<sup>MD<\/sup> est l&#8217;approche que nous avons d\u00e9velopp\u00e9e en nous appuyant sur plus d&#8217;une centaine de projets de grande envergure que nous avons r\u00e9alis\u00e9s au cours des 25 derni\u00e8res ann\u00e9es. Nous avons \u00e9labor\u00e9 des m\u00e9thodes, des techniques et des outils d&#8217;\u00e9valuation et de mise en \u0153uvre qui sont \u00e0 la fois exhaustifs, rentables et efficaces.<\/p>\n<p><\/div><div class=\"tab-me-tab-content\" id=\"tab1695\" style=\"display:none\"><\/p>\n<h2><em>L&#8217;Am\u00e9nagement organisationnel optimis\u00e9<\/em><\/h2>\n<h3><em>Une m\u00e9thode \u00e9prouv\u00e9e pour accro\u00eetre votre rendement financier, la satisfaction de vos clients et l&#8217;engagement de vos employ\u00e9s.<\/em><\/h3>\n<p>L&#8217;Am\u00e9nagement organisationnel optimis\u00e9, un guide utile et complet pour quiconque souhaite am\u00e9liorer le rendement organisationnel.<br \/>\n<img loading=\"lazy\" decoding=\"async\" class=\"alignright size-full wp-image-544\" alt=\"home-box-book\" src=\"https:\/\/www.capelleassociates.com\/wp-content\/uploads\/2013\/12\/home-box-book.jpg\" width=\"111\" height=\"136\" \/><br \/>\nLe livre pr\u00e9sente l\u2019approche que Capelle Associ\u00e9s a d\u00e9velopp\u00e9e en s&#8217;appuyant sur plus d&#8217;une centaine de projets de grande envergure et 24&nbsp;\u00e9tudes r\u00e9alis\u00e9s au cours des 25 derni\u00e8res ann\u00e9es.<\/p>\n<p><\/div><div class=\"tab-me-tab-content\" id=\"tab1225\" style=\"display:none\"><\/p>\n<h2>L&#8217;Am\u00e9nagement organisationnel optimis\u00e9<sup>MD<\/sup><\/h2>\n<p>L&#8217;Am\u00e9nagement organisationnel optimis\u00e9<sup>MD<\/sup> est l&#8217;approche qu&#8217;utilise Capelle Associ\u00e9s pour am\u00e9liorer le rendement des organisations. Elle s&#8217;appuie sur plus d&#8217;une centaine de projets de grande envergure et 24 \u00e9tudes r\u00e9alis\u00e9s par Capelle Associ\u00e9s au cours des 25 derni\u00e8res ann\u00e9es.<\/p>\n<h2>Gains de rendement et autres avantages<\/h2>\n<p>Cette m\u00e9thode engendre de nombreux gains de rendement. Elle permet notamment de r\u00e9aliser un meilleur alignement des postes (vertical et fonctionnel), des responsabilit\u00e9s et des pouvoirs (employ\u00e9, superviseur, sup\u00e9rieur, sup\u00e9rieur de deuxi\u00e8me niveau et relations interfonctionnelles), des personnes, des livrables et des t\u00e2ches. Elle peut aussi servir \u00e0 am\u00e9liorer le fonctionnement du conseil d&#8217;administration, la gestion des processus, la gestion de projets et la r\u00e9mun\u00e9ration.<\/p>\n<p><\/div><div class=\"tab-me-tab-content\" id=\"tab1274\" style=\"display:none\"><\/p>\n<h2>La preuve que l&#8217;optimisation de l&#8217;am\u00e9nagement organisationnel am\u00e9liore le rendement<\/h2>\n<p>L&#8217;Am\u00e9nagement organisationnel optimis\u00e9<sup>MD<\/sup> est une m\u00e9thode efficace qui a fait ses preuves, comme en t\u00e9moignent les 24 \u00e9tudes que nous avons r\u00e9alis\u00e9es au cours des 25 derni\u00e8res ann\u00e9es et l&#8217;exp\u00e9rience de nos clients dans le cadre de plus d&#8217;une centaine de projets de grande envergure.<\/p>\n<p>Capelle Associ\u00e9s a d\u00e9velopp\u00e9 une base de donn\u00e9es de r\u00e9f\u00e9rence exhaustive qui r\u00e9pertorie plus de 59 000 relations gestionnaire-subordonn\u00e9 imm\u00e9diat dans 76 organisations.<\/p>\n<p><\/div><\/div><\/div><!-- .tabs-wrapper -->\n<div class=\"longshadow\"><\/div>\n<\/div>\n","protected":false},"excerpt":{"rendered":"","protected":false},"author":1,"featured_media":0,"parent":0,"menu_order":1,"comment_status":"open","ping_status":"closed","template":"","meta":{"_monsterinsights_skip_tracking":false,"_monsterinsights_sitenote_active":false,"_monsterinsights_sitenote_note":"","_monsterinsights_sitenote_category":0,"footnotes":""},"class_list":["post-110","page","type-page","status-publish","hentry"],"yoast_head":"<!-- This site is optimized with the Yoast SEO plugin v23.1 - https:\/\/yoast.com\/wordpress\/plugins\/seo\/ -->\n<title>Accueil - Capelle Associ\u00e9s inc<\/title>\n<meta name=\"robots\" content=\"index, follow, max-snippet:-1, max-image-preview:large, max-video-preview:-1\" \/>\n<link rel=\"canonical\" href=\"https:\/\/www.capelleassociates.com\/fr\/\" \/>\n<meta name=\"twitter:label1\" content=\"Est. reading time\" \/>\n\t<meta name=\"twitter:data1\" content=\"2 minutes\" \/>\n<script type=\"application\/ld+json\" class=\"yoast-schema-graph\">{\"@context\":\"https:\/\/schema.org\",\"@graph\":[{\"@type\":\"WebPage\",\"@id\":\"https:\/\/www.capelleassociates.com\/fr\/\",\"url\":\"https:\/\/www.capelleassociates.com\/fr\/\",\"name\":\"Accueil - Capelle Associ\u00e9s inc\",\"isPartOf\":{\"@id\":\"https:\/\/www.capelleassociates.com\/fr\/#website\"},\"primaryImageOfPage\":{\"@id\":\"https:\/\/www.capelleassociates.com\/fr\/#primaryimage\"},\"image\":{\"@id\":\"https:\/\/www.capelleassociates.com\/fr\/#primaryimage\"},\"thumbnailUrl\":\"https:\/\/www.capelleassociates.com\/wp-content\/uploads\/2013\/12\/home-box-book.jpg\",\"datePublished\":\"2013-11-15T03:31:52+00:00\",\"dateModified\":\"2016-06-13T14:46:29+00:00\",\"breadcrumb\":{\"@id\":\"https:\/\/www.capelleassociates.com\/fr\/#breadcrumb\"},\"inLanguage\":\"en-US\",\"potentialAction\":[{\"@type\":\"ReadAction\",\"target\":[\"https:\/\/www.capelleassociates.com\/fr\/\"]}]},{\"@type\":\"ImageObject\",\"inLanguage\":\"en-US\",\"@id\":\"https:\/\/www.capelleassociates.com\/fr\/#primaryimage\",\"url\":\"https:\/\/www.capelleassociates.com\/wp-content\/uploads\/2013\/12\/home-box-book.jpg\",\"contentUrl\":\"https:\/\/www.capelleassociates.com\/wp-content\/uploads\/2013\/12\/home-box-book.jpg\"},{\"@type\":\"BreadcrumbList\",\"@id\":\"https:\/\/www.capelleassociates.com\/fr\/#breadcrumb\",\"itemListElement\":[{\"@type\":\"ListItem\",\"position\":1,\"name\":\"Accueil\",\"item\":\"https:\/\/www.capelleassociates.com\/fr\/\"},{\"@type\":\"ListItem\",\"position\":2,\"name\":\"Accueil\"}]},{\"@type\":\"WebSite\",\"@id\":\"https:\/\/www.capelleassociates.com\/fr\/#website\",\"url\":\"https:\/\/www.capelleassociates.com\/fr\/\",\"name\":\"Capelle Associ\u00e9s inc\",\"description\":\"\",\"potentialAction\":[{\"@type\":\"SearchAction\",\"target\":{\"@type\":\"EntryPoint\",\"urlTemplate\":\"https:\/\/www.capelleassociates.com\/fr\/?s={search_term_string}\"},\"query-input\":\"required name=search_term_string\"}],\"inLanguage\":\"en-US\"}]}<\/script>\n<!-- \/ Yoast SEO plugin. -->","yoast_head_json":{"title":"Accueil - Capelle Associ\u00e9s inc","robots":{"index":"index","follow":"follow","max-snippet":"max-snippet:-1","max-image-preview":"max-image-preview:large","max-video-preview":"max-video-preview:-1"},"canonical":"https:\/\/www.capelleassociates.com\/fr\/","twitter_misc":{"Est. reading time":"2 minutes"},"schema":{"@context":"https:\/\/schema.org","@graph":[{"@type":"WebPage","@id":"https:\/\/www.capelleassociates.com\/fr\/","url":"https:\/\/www.capelleassociates.com\/fr\/","name":"Accueil - Capelle Associ\u00e9s inc","isPartOf":{"@id":"https:\/\/www.capelleassociates.com\/fr\/#website"},"primaryImageOfPage":{"@id":"https:\/\/www.capelleassociates.com\/fr\/#primaryimage"},"image":{"@id":"https:\/\/www.capelleassociates.com\/fr\/#primaryimage"},"thumbnailUrl":"https:\/\/www.capelleassociates.com\/wp-content\/uploads\/2013\/12\/home-box-book.jpg","datePublished":"2013-11-15T03:31:52+00:00","dateModified":"2016-06-13T14:46:29+00:00","breadcrumb":{"@id":"https:\/\/www.capelleassociates.com\/fr\/#breadcrumb"},"inLanguage":"en-US","potentialAction":[{"@type":"ReadAction","target":["https:\/\/www.capelleassociates.com\/fr\/"]}]},{"@type":"ImageObject","inLanguage":"en-US","@id":"https:\/\/www.capelleassociates.com\/fr\/#primaryimage","url":"https:\/\/www.capelleassociates.com\/wp-content\/uploads\/2013\/12\/home-box-book.jpg","contentUrl":"https:\/\/www.capelleassociates.com\/wp-content\/uploads\/2013\/12\/home-box-book.jpg"},{"@type":"BreadcrumbList","@id":"https:\/\/www.capelleassociates.com\/fr\/#breadcrumb","itemListElement":[{"@type":"ListItem","position":1,"name":"Accueil","item":"https:\/\/www.capelleassociates.com\/fr\/"},{"@type":"ListItem","position":2,"name":"Accueil"}]},{"@type":"WebSite","@id":"https:\/\/www.capelleassociates.com\/fr\/#website","url":"https:\/\/www.capelleassociates.com\/fr\/","name":"Capelle Associ\u00e9s inc","description":"","potentialAction":[{"@type":"SearchAction","target":{"@type":"EntryPoint","urlTemplate":"https:\/\/www.capelleassociates.com\/fr\/?s={search_term_string}"},"query-input":"required name=search_term_string"}],"inLanguage":"en-US"}]}},"_links":{"self":[{"href":"https:\/\/www.capelleassociates.com\/fr\/wp-json\/wp\/v2\/pages\/110"}],"collection":[{"href":"https:\/\/www.capelleassociates.com\/fr\/wp-json\/wp\/v2\/pages"}],"about":[{"href":"https:\/\/www.capelleassociates.com\/fr\/wp-json\/wp\/v2\/types\/page"}],"author":[{"embeddable":true,"href":"https:\/\/www.capelleassociates.com\/fr\/wp-json\/wp\/v2\/users\/1"}],"replies":[{"embeddable":true,"href":"https:\/\/www.capelleassociates.com\/fr\/wp-json\/wp\/v2\/comments?post=110"}],"version-history":[{"count":14,"href":"https:\/\/www.capelleassociates.com\/fr\/wp-json\/wp\/v2\/pages\/110\/revisions"}],"predecessor-version":[{"id":276,"href":"https:\/\/www.capelleassociates.com\/fr\/wp-json\/wp\/v2\/pages\/110\/revisions\/276"}],"wp:attachment":[{"href":"https:\/\/www.capelleassociates.com\/fr\/wp-json\/wp\/v2\/media?parent=110"}],"curies":[{"name":"wp","href":"https:\/\/api.w.org\/{rel}","templated":true}]}}